{"id":10,"date":"2013-01-02T14:22:45","date_gmt":"2013-01-02T14:22:45","guid":{"rendered":"http:\/\/www.automatickakresba.eu\/?page_id=10"},"modified":"2013-02-28T11:32:15","modified_gmt":"2013-02-28T10:32:15","slug":"pribeh","status":"publish","type":"page","link":"http:\/\/www.automatickakresba.eu\/?page_id=10","title":{"rendered":"P\u0159\u00edb\u011bh"},"content":{"rendered":"<p>Te\u010f se jmenuji Kamila Liedermanov\u00e1.<\/p>\n<p>K p\u0159\u00edjmen\u00ed jsem p\u0159i\u0161la v sobotu 24. z\u00e1\u0159\u00ed 1988. Stejn\u011b jako v\u011bt\u0161ina \u017een. Svatbou. \ud83d\ude00 <strong>Vladim\u00edre, d\u00edky!<\/strong><\/p>\n<p>Narodila jsem se 1. b\u0159ezna 1965 v\u00a005:05 hodin v Brn\u011b jako Kamila Hnykov\u00e1 (to sem p\u00ed\u0161u hlavn\u011b kv\u016fli nomenolog\u016fm). <strong>M\u00e1mo a t\u00e1to, d\u00edky!<\/strong><\/p>\n<p>P\u00e1dem t\u00edm jsem se stala rybou s ascendentem v kozorohu \ud83d\ude09<\/p>\n<p>To bylo asi tak jedin\u00e9, co jsem do t\u0159iat\u0159iceti v\u011bd\u011bla z\u00a0obor\u016f jako je astrologie, numerologie, tarotologie a podobn\u00e9 ideologie. Ke v\u0161emu, co nebyla z\u00e1padn\u00ed medic\u00edna, logika, co nebylo vid\u011bt, co jsem nepro\u017eila na vlastn\u00ed k\u016f\u017ei, jsem m\u011bla odstup, m\u00edsty i despekt.<\/p>\n<p>Jako zdravotn\u00ed sestra po gymplu jsem m\u011bla pocit, \u017ee v\u00edm, jak tenhle ten sv\u011bt funguje. Nejenom proto, \u017ee m\u011b to ve \u0161kol\u00e1ch u\u010dili, ale p\u0159edev\u0161\u00edm proto, \u017ee v\u00a0tom d\u011bl\u00e1m. A hlavn\u011b!!! v\u00a0tom \u017eiju!<\/p>\n<p>Za\u010d\u00e1tkem roku 1998 mi b\u011bhem ned\u011bln\u00ed slu\u017eby ochrnula lev\u00e1 ruka. T\u00e9m\u011b\u0159 rok jsme s moj\u00ed neurolo\u017ekou hledaly vhodnou l\u00e9\u010dbu. J\u00e1, zdravotn\u00ed sestra, j\u00e1, dcera zdravotn\u00ed sestry, jsem pro\u017eila prvn\u00ed \u0161ok. To, na co jsem cel\u00fd \u017eivot spol\u00e9hala, klasick\u00e1 medic\u00edna, mi neum\u011blo pomoci.<\/p>\n<p>Pak mi do \u017eivota p\u0159i\u0161la u\u010ditelka. U\u017e si nepamatuji, kde a co vlastn\u011b u\u010dila. V\u00edm jen, \u017ee ji bavila reflexn\u00ed terapie. P\u0159i\u0161el dal\u0161\u00ed \u0161ok. Ma\u010dk\u00e1n\u00edm n\u011bkolika bod\u016f na t\u011ble jsme moji ruku uzdravily. Sv\u011bte, div se! Trvalo to necel\u00fd m\u011bs\u00edc! <strong>Marie, d\u00edky!<\/strong><\/p>\n<p>Proto jsem se o reflexku za\u010dala zaj\u00edmat velmi intenzivn\u011b. Mezi V\u00e1nocemi a Silvestrem jsem se \u201evnutila\u201c na \u0160KOLU REFLEXN\u00cd TERAPIE man\u017eel\u016f Patakyov\u00fdch. P\u016fl roku jsem se nechala v\u00e9st. D\u011blala jsem to, co mi \u0159ekli. Tr\u00e9novala v\u0161ude, kde se dalo. <strong>Be\u00e1tko a Julku, d\u00edky!<\/strong><\/p>\n<p>D\u00edky m\u00e9 vytrvalosti a p\u0159edev\u0161\u00edm neutuchaj\u00edc\u00ed podpo\u0159e pan\u00ed ing. Hanky Fedory Smejtkov\u00e9, jsem se o pr\u00e1zdnin\u00e1ch stala, \u017eivnostensk\u00fdm listem vybavenou, reflexn\u00ed terapeutkou. <strong>Hanko, d\u00edky!<\/strong><\/p>\n<p>Prvn\u00ed klienti, takzvan\u011b \u201eciz\u00ed t\u011blesa\u201c, p\u0159i\u0161li 4. srpna 1999. Pracovali jsme u n\u00e1s doma. Trvalo n\u00e1m to cel\u00fd den. V\u00fdsledkem byl spokojen\u00fd p\u00e1r. Nepatrnou vadou na kr\u00e1se bylo to, \u017ee ten den nestihli pl\u00e1novan\u00fd ob\u011bd na po\u010dest v\u00fdro\u010d\u00ed jejich svatby. Popravd\u011b ani ve\u010de\u0159i \ud83d\ude1b <strong>Magdi a Jene, d\u00edky!<\/strong><\/p>\n<p>\u201eOrdinaci\u201c na d\u011btsk\u00e9 poliklinice ve \u017d\u010f\u00e1ru nad S\u00e1zavou jsem otev\u0159ela v\u00a0z\u00e1\u0159\u00ed. P\u0159izn\u00e1v\u00e1m, \u017ee kdyby mi nepomohla laskavost a vst\u0159\u00edcnost pan\u00ed z\u00a0 hygieny, tak se vzd\u00e1m \u00fapln\u011b na za\u010d\u00e1tku. P\u0159edpisy, na\u0159\u00edzen\u00ed, z\u00e1kony, \u2026 <strong>Jitko, d\u00edky!<\/strong><\/p>\n<p>Do dne\u0161n\u00ed doby jsem se dotkla \u0159ady metod. Jsou mezi nimi nap\u0159\u00edklad:<\/p>\n<ul>\n<li>\u2022 Reflexn\u00ed terapie \u2013 diagnostika, prevence, l\u00e9\u010dba<\/li>\n<li>\u2022 Drah\u00e9 kameny \u2013 diagnostika, l\u00e9\u010dba<\/li>\n<li>\u2022 Reiki<\/li>\n<li>\u2022 Kineziologie<\/li>\n<li>\u2022 Aromaterapie<\/li>\n<li>\u2022 Urinoterapie<\/li>\n<li>\u2022 Fytoterapie<\/li>\n<li>\u2022 Etikoterapie<\/li>\n<li>\u2022 Klasick\u00e1 mas\u00e1\u017e<\/li>\n<li>\u2022 Astrologie<\/li>\n<li>\u2022 Konstelace<\/li>\n<li>\u2022 Karty<\/li>\n<\/ul>\n<p>S ohledem na mo\u017enosti nejenom v\u00fd\u0161e uveden\u00fdch metod jsem do\u0161la k n\u00e1sleduj\u00edc\u00edmu z\u00e1v\u011bru: <b>Nejlep\u0161\u00ed a nejp\u0159esn\u011bj\u0161\u00ed odpov\u011bdi na ve\u0161ker\u00e9 ot\u00e1zky mi poskytla pr\u00e1v\u011b a\u017e automatick\u00e1<\/b><strong> kresba.<\/strong><\/p>\n<p>R\u00e1da bych sem te\u010f napsala n\u011bco o tom, jak\u00e1 jsem.\u00a0Ale rad\u011bji rovnou nap\u00ed\u0161u, jak p\u016fsob\u00edm na lidi.<br \/>\nV\u00edm o tom, \u017ee n\u011bkte\u0159\u00ed lid\u00e9 m\u011b obdivuj\u00ed.<br \/>\nV\u00edm o tom, \u017ee n\u011bkte\u0159\u00ed lid\u00e9 m\u011b miluj\u00ed.<br \/>\nV\u00edm o tom, \u017ee n\u011bkte\u0159\u00ed lid\u00e9 m\u011b nen\u00e1vid\u00ed.<br \/>\nV\u00edm i o tom, \u017ee n\u011bkte\u0159\u00ed lid\u00e9 se m\u011b prost\u011b boj\u00ed.<\/p>\n<p>M\u016fj kamar\u00e1d Richard \u0159\u00edk\u00e1, \u017ee kdybych \u017eila v jin\u00e9m stolet\u00ed, tak m\u011b ur\u010dit\u011b up\u00e1l\u00ed. Tohle v\u0161echno v\u0161ak nic ne\u0159\u00edk\u00e1 o tom, jak\u00e1 opravdu jsem. Na to mus\u00ed\u0161 p\u0159ij\u00edt s\u00e1m. V tuto chv\u00edli se m\u016f\u017ee\u0161 svobodn\u011b rozhodnout, do kter\u00e9 kategorie chce\u0161 pat\u0159it pr\u00e1v\u011b Ty \ud83d\ude09<\/p>\n<p>V\u011b\u0159\u00edm, \u017ee kr\u00e1sa je proporcionalita, uspo\u0159\u00e1danost a funk\u010dnost. Miluji uspo\u0159\u00e1d\u00e1vat tuto skute\u010dnost. Chci-li n\u011bco uspo\u0159\u00e1dat, mus\u00edm to nejd\u0159\u00edv pochopit. Automatick\u00e1 kresba je technika, kter\u00e1 mi pom\u00e1h\u00e1 zachytit skute\u010dnost takovou, jak\u00e1 je. Ne takovou, jakou ji subjektivn\u011b vn\u00edm\u00e1m. Proto c\u00edt\u00edm ke kresb\u011b hlubokou \u00factu a respekt.<\/p>\n","protected":false},"excerpt":{"rendered":"<p>Te\u010f se jmenuji Kamila Liedermanov\u00e1. K p\u0159\u00edjmen\u00ed jsem p\u0159i\u0161la v sobotu 24. z\u00e1\u0159\u00ed 1988. Stejn\u011b jako v\u011bt\u0161ina \u017een. Svatbou. \ud83d\ude00 Vladim\u00edre, d\u00edky! Narodila jsem se 1. b\u0159ezna 1965 v\u00a005:05 hodin v Brn\u011b jako Kamila Hnykov\u00e1 (to sem p\u00ed\u0161u hlavn\u011b kv\u016fli nomenolog\u016fm). M\u00e1mo a t\u00e1to, d\u00edky! P\u00e1dem t\u00edm jsem se stala rybou s ascendentem v kozorohu [&hellip;]<\/p>\n","protected":false},"author":1,"featured_media":0,"parent":0,"menu_order":0,"comment_status":"open","ping_status":"open","template":"","meta":{"footnotes":""},"class_list":["post-10","page","type-page","status-publish","hentry"],"_links":{"self":[{"href":"http:\/\/www.automatickakresba.eu\/index.php?rest_route=\/wp\/v2\/pages\/10","targetHints":{"allow":["GET"]}}],"collection":[{"href":"http:\/\/www.automatickakresba.eu\/index.php?rest_route=\/wp\/v2\/pages"}],"about":[{"href":"http:\/\/www.automatickakresba.eu\/index.php?rest_route=\/wp\/v2\/types\/page"}],"author":[{"embeddable":true,"href":"http:\/\/www.automatickakresba.eu\/index.php?rest_route=\/wp\/v2\/users\/1"}],"replies":[{"embeddable":true,"href":"http:\/\/www.automatickakresba.eu\/index.php?rest_route=%2Fwp%2Fv2%2Fcomments&post=10"}],"version-history":[{"count":55,"href":"http:\/\/www.automatickakresba.eu\/index.php?rest_route=\/wp\/v2\/pages\/10\/revisions"}],"predecessor-version":[{"id":132,"href":"http:\/\/www.automatickakresba.eu\/index.php?rest_route=\/wp\/v2\/pages\/10\/revisions\/132"}],"wp:attachment":[{"href":"http:\/\/www.automatickakresba.eu\/index.php?rest_route=%2Fwp%2Fv2%2Fmedia&parent=10"}],"curies":[{"name":"wp","href":"https:\/\/api.w.org\/{rel}","templated":true}]}}