{"id":2,"date":"2012-12-20T14:30:31","date_gmt":"2012-12-20T14:30:31","guid":{"rendered":"http:\/\/www.automatickakresba.eu\/?page_id=2"},"modified":"2013-02-25T22:53:51","modified_gmt":"2013-02-25T21:53:51","slug":"neco-o-me","status":"publish","type":"page","link":"http:\/\/www.automatickakresba.eu\/","title":{"rendered":"\u00davodn\u00ed str\u00e1nka"},"content":{"rendered":"<p>Dobr\u00fd den mil\u00e1 hleda\u010dko, mil\u00fd poutn\u00edku, kr\u00e1lovno Renatko, jednodu\u0161e n\u00e1v\u0161t\u011bvn\u00edku!<\/p>\n<p>V\u00edt\u00e1m T\u011b na m\u00fdch internetov\u00fdch str\u00e1nk\u00e1ch.<\/p>\n<p>Jmenuji se Kamila Liedermanov\u00e1. Automatickou kresbu vyu\u017e\u00edv\u00e1m pravideln\u011b 13 let. Pro detailisty up\u0159es\u0148uji: od p\u0159elomu \u00fanoru a b\u0159ezna roku 2000.<\/p>\n<p>P\u0159i osloven\u00ed v\u00a0textu budu \u00famysln\u011b pou\u017e\u00edvat tyk\u00e1n\u00ed. Jednak je to osobn\u011bj\u0161\u00ed, druhak \ud83d\ude09 bude jasn\u011b viditeln\u00e9, kdy m\u00e1m na mysli pr\u00e1v\u011b Tebe n\u00e1v\u0161t\u011bvn\u00edku a kdy skupinu.<\/p>\n<p>C\u00edt\u00edm pot\u0159ebu, abys v\u011bd\u011bl, \u017ee v\u0161e funguje podle n\u00e1vodu. Vych\u00e1z\u00edm ze zku\u0161enost\u00ed. Nejsem tak po\u0161etil\u00e1, abych si myslela, \u017ee pr\u00e1v\u011b moje n\u00e1vody nasm\u011bruj\u00ed ka\u017ed\u00e9ho BEZ ROZD\u00cdLU. Jsou schopn\u00e9 nasm\u011brovat POUZE toho, kdo chce alespo\u0148 p\u0159ipustit, v\u00a0lep\u0161\u00edm p\u0159\u00edpad\u011b pochopit, podle kter\u00fdch z\u00e1kon\u016f funguje tato skute\u010dnost. Pr\u00e1v\u011b tyto osoby chci oslovit.<\/p>\n<p>Tyto str\u00e1nky jsem zalo\u017eila proto, \u017ee se m\u011b kdekdo pt\u00e1 na kresbu. No a jak se \u0161\u00ed\u0159\u00ed f\u00e1my o ledas\u010dem, tak se \u0161\u00ed\u0159\u00ed i o automatick\u00e9 kresb\u011b. C\u00edt\u00edm pot\u0159ebu sv\u011btu sd\u011blit, jak kresbu TE\u010e vn\u00edm\u00e1m j\u00e1.<\/p>\n<p>Nejsem zodpov\u011bdn\u00e1 za to, jak tyto informace pochop\u00ed\u0161. Ani za to, jak je bude\u0161 pou\u017e\u00edvat. Ch\u00e1pu, \u017ee se \u0159ada v\u011bc\u00ed b\u011b\u017en\u011b kop\u00edruje, \u010dasto se vyd\u00e1v\u00e1 za vlastn\u00ed \u201etvorbu\u201c, av\u0161ak tady v\u011b\u0159\u00edm v\u00a0u\u0161lechtilost n\u00e1v\u0161t\u011bvn\u00edk\u016f a p\u0159edev\u0161\u00edm v\u00a0to, \u017ee pou\u017e\u00edvaj\u00ed zdrav\u00fd rozum.<\/p>\n<p>Tou\u017e\u00edm po tom m\u00edt \u017eiv\u00e9 a interaktivn\u00ed str\u00e1nky. Z\u00e1rove\u0148 si p\u0159eju, aby bo\u0159ily \u0161ablony.<\/p>\n<p>A pro\u010d?<\/p>\n<p>P\u0159eji si v\u00a0Tob\u011b, mil\u00fd n\u00e1v\u0161t\u011bvn\u00edku, vyvolat jednozna\u010dn\u00fd pocit. M\u016f\u017ee\u0161 obdivovat nebo neobdivovat. M\u016f\u017ee\u0161 milovat nebo nen\u00e1vid\u011bt. M\u016f\u017ee\u0161 souhlasit nebo nesouhlasit. M\u016f\u017ee\u0161 chv\u00e1lit nebo kritizovat. To u\u017e nech\u00e1m na Tob\u011b. Pokud si chce\u0161 pov\u00eddat, pros\u00edm, p\u0159ipoj svoji ot\u00e1zku do diskuze. Najde\u0161 ji v sekci Ot\u00e1zky.<\/p>\n<p>D\u011bkuji, Kam\u010da<\/p>\n","protected":false},"excerpt":{"rendered":"<p>Dobr\u00fd den mil\u00e1 hleda\u010dko, mil\u00fd poutn\u00edku, kr\u00e1lovno Renatko, jednodu\u0161e n\u00e1v\u0161t\u011bvn\u00edku! V\u00edt\u00e1m T\u011b na m\u00fdch internetov\u00fdch str\u00e1nk\u00e1ch. Jmenuji se Kamila Liedermanov\u00e1. Automatickou kresbu vyu\u017e\u00edv\u00e1m pravideln\u011b 13 let. Pro detailisty up\u0159es\u0148uji: od p\u0159elomu \u00fanoru a b\u0159ezna roku 2000. P\u0159i osloven\u00ed v\u00a0textu budu \u00famysln\u011b pou\u017e\u00edvat tyk\u00e1n\u00ed. Jednak je to osobn\u011bj\u0161\u00ed, druhak \ud83d\ude09 bude jasn\u011b viditeln\u00e9, kdy m\u00e1m na [&hellip;]<\/p>\n","protected":false},"author":1,"featured_media":0,"parent":0,"menu_order":0,"comment_status":"open","ping_status":"open","template":"squeeze.php","meta":{"footnotes":""},"class_list":["post-2","page","type-page","status-publish","hentry"],"_links":{"self":[{"href":"http:\/\/www.automatickakresba.eu\/index.php?rest_route=\/wp\/v2\/pages\/2","targetHints":{"allow":["GET"]}}],"collection":[{"href":"http:\/\/www.automatickakresba.eu\/index.php?rest_route=\/wp\/v2\/pages"}],"about":[{"href":"http:\/\/www.automatickakresba.eu\/index.php?rest_route=\/wp\/v2\/types\/page"}],"author":[{"embeddable":true,"href":"http:\/\/www.automatickakresba.eu\/index.php?rest_route=\/wp\/v2\/users\/1"}],"replies":[{"embeddable":true,"href":"http:\/\/www.automatickakresba.eu\/index.php?rest_route=%2Fwp%2Fv2%2Fcomments&post=2"}],"version-history":[{"count":17,"href":"http:\/\/www.automatickakresba.eu\/index.php?rest_route=\/wp\/v2\/pages\/2\/revisions"}],"predecessor-version":[{"id":4,"href":"http:\/\/www.automatickakresba.eu\/index.php?rest_route=\/wp\/v2\/pages\/2\/revisions\/4"}],"wp:attachment":[{"href":"http:\/\/www.automatickakresba.eu\/index.php?rest_route=%2Fwp%2Fv2%2Fmedia&parent=2"}],"curies":[{"name":"wp","href":"https:\/\/api.w.org\/{rel}","templated":true}]}}