{"id":22,"date":"2013-01-02T15:12:48","date_gmt":"2013-01-02T15:12:48","guid":{"rendered":"http:\/\/www.automatickakresba.eu\/?page_id=22"},"modified":"2013-02-28T11:34:44","modified_gmt":"2013-02-28T10:34:44","slug":"o-kresbe","status":"publish","type":"page","link":"http:\/\/www.automatickakresba.eu\/?page_id=22","title":{"rendered":"O kresb\u011b"},"content":{"rendered":"<p>Poprv\u00e9 mi o automatick\u00e9 kresb\u011b \u0159ekla spolu\u017ea\u010dka ze \u0160koly reflexn\u00ed terapie Karla Fechterov\u00e1. V t\u00e9 dob\u011b u\u017e sama pracovala se sv\u00fdmi klienty. Zaujala m\u011b hned t\u00edm, co o sob\u011b \u0159ekla p\u0159i p\u0159edstavov\u00e1n\u00ed ve \u0160RT: &#8222;Nak\u0159tili mne Karla. Krom\u011b jin\u00e9ho jsem Mistr Reiki. O reflexce nev\u00edm v\u016fbec nic.&#8220; Hned jsem v\u011bd\u011bla, \u017ee to je moje krevn\u00ed skupina. P\u0159inesla mi do \u017eivota nespo\u010det podn\u011bt\u016f k zamy\u0161len\u00ed. Uk\u00e1zala mi sv\u011bt jin\u00fdma o\u010dima. Dodnes jsem j\u00ed moc vd\u011b\u010dn\u00e1. Zm\u00ednila se i o sv\u00e9m u\u010diteli. Budeme mu \u0159\u00edkat t\u0159eba Bytost Soucitn\u00e1. <strong>K\u00e1jo, d\u00edky!<\/strong><\/p>\n<p>Fakticky jsem se s n\u00edm setkala o m\u011bs\u00edc pozd\u011bji. Bylo to na kurzu Reiki v Praze. Krom\u011b jin\u00e9ho tam mluvil i o automatick\u00e9 kresb\u011b. Bylo nevyhnuteln\u00e9 na ni j\u00edt. Nejl\u00e9pe ihned! Nejbli\u017e\u0161\u00ed term\u00edn byl za necel\u00fd m\u011bs\u00edc v Nov\u00e9m Ji\u010d\u00edn\u011b. Vyrazila jsem za doprovodu kamar\u00e1dky Jitky. J\u00e1, alternativn\u00ed za\u010d\u00e1te\u010dn\u00edk, ona prof\u00edk, no super dvojka \ud83d\ude42 Starala se o m\u011b l\u00e9pe ne\u017e deleg\u00e1tka z cestovky. <strong>Jitko, d\u00edky!<\/strong><\/p>\n<p>N\u00e1\u0161 kurz, po nezbytn\u00e9m \u00favodu, pokra\u010doval vysv\u011btlen\u00edm z\u00e1kladn\u00edho n\u00e1vodu. P\u0159edstaven\u00ed symbol\u016f. Vysv\u011btlen\u00ed postupu. A pak to p\u0159i\u0161lo! Bytost Soucitn\u00e1 \u0159ekla: &#8222;Za\u010dn\u011bte kreslit.&#8220; V\u0161ichni kolem m\u011b za\u010dali kreslit. Prvn\u00ed pap\u00edr, druh\u00fd, t\u0159et\u00ed. A j\u00e1 nic. Jitka vytvo\u0159ila t\u0159i n\u00e1dhern\u00e9 kresby. J\u00e1 m\u011bla pocit, \u017ee vedle m\u011b kresl\u00ed\u00a0m\u00f3dn\u00ed n\u00e1vrh\u00e1\u0159ka. Zmocnil se m\u011b pocit zmaru. V\u0161ichni kresl\u00ed a j\u00e1 po\u0159\u00e1d nic. Hlavou mi bleskla my\u0161lenka &#8211; v\u0161ichni jsou d\u00e1l ne\u017e j\u00e1, v\u0161ichni jsou vysp\u011blej\u0161\u00ed ne\u017e j\u00e1, j\u00e1 na to nem\u00e1m&#8230;<\/p>\n<p>To u\u017e za mnou st\u00e1la Bytost Soucitn\u00e1. Chytla m\u011b za ramena. Laskav\u00fdm hlasem, s \u00fasm\u011bvem na rtech pravila: &#8222;Kam\u010do, m\u00e1\u0161 na to. Kresli.&#8220; Vzala jsem pastelku a poslouchala. Pak i naslouchala. Bytost Soucitn\u00e1 mluvila o tom, \u017ee kreslit m\u016f\u017ee ka\u017ed\u00fd, pokud to p\u0159ipust\u00ed. Duchovn\u00ed vysp\u011blost se projev\u00ed a\u017e pozd\u011bji. Nap\u0159\u00edklad v souvislostech nebo detailech kresby. Dneska, s odstupem v\u00edce ne\u017e deseti let, d\u00e1v\u00e1m Bytosti Soucitn\u00e9 stoprocentn\u011b za pravdu. <strong>BS, d\u00edky!<\/strong><\/p>\n<p>A jak je to dneska? Kresl\u00edm po\u0159\u00e1d podle stejn\u00e9ho syst\u00e9mu, co m\u011b nau\u010dila Bytost Soucitn\u00e1 tehdy v Nov\u00e9m Ji\u010d\u00edn\u011b. Jedin\u00fd rozd\u00edl je v tom, \u017ee p\u0159ibylo symbol\u016f, p\u0159ibylo t\u00e9mat.\u00a0Dneska u\u017e v\u00edm, \u017ee nakreslit mohu v\u0161e, na co se dok\u00e1\u017eu zeptat. Nap\u0159\u00edklad zdravotn\u00ed stav, vztahy partnersk\u00e9 i pracovn\u00ed.<\/p>\n<p>Konkr\u00e9tn\u011b se d\u00e1 nakreslit, pro\u010d zam\u011bstnanec nepracuje tak, jak j\u00e1 pot\u0159ebuju. D\u00e1 se nakreslit i to, jak m\u00e1m motivovat d\u00edt\u011b ke zlep\u0161en\u00ed studijn\u00edch v\u00fdkon\u016f. D\u00e1 se nakreslit p\u0159\u00ed\u010dina konfliktu. D\u00e1 se nakreslit, pro\u010d m\u011b ta pan\u00ed pomlouv\u00e1. D\u00e1 se nakreslit, pro\u010d m\u011b ta pan\u00ed nem\u00e1 r\u00e1da. A d\u00e1 se i nakreslit, pro\u010d j\u00ed to dote\u010f proch\u00e1z\u00ed.<\/p>\n<p>D\u00e1 se nakreslit \u00faskal\u00ed p\u0159\u00edpadn\u00e9 spolupr\u00e1ce. D\u00e1 se nakreslit pr\u016fb\u011bh d\u016fle\u017eit\u00e9 obchodn\u00ed sch\u016fzky. Jednodu\u0161e \u0159e\u010deno, na co se dok\u00e1\u017ee\u0161 zeptat, to nakresl\u00ed\u0161.<\/p>\n<p>Ke kresb\u011b pou\u017e\u00edv\u00e1m deset pastelek. Ka\u017ed\u00e1 vyjad\u0159uje specifickou vlastnost nebo schopnost. Kresl\u00edm v\u0161ude a na v\u0161echno. Na za\u010d\u00e1tku jsem kreslila na nov\u00e9 A4, dneska kresl\u00edm klidn\u011b i na \u00fa\u010dtenku, pokud nen\u00ed jin\u00e1 mo\u017enost \ud83d\ude09<\/p>\n<p>Automatickou kresbu vn\u00edm\u00e1m jako techniku k\u00a0zachycen\u00ed mimosmyslov\u00fdch vjem\u016f smyslov\u00fdm org\u00e1nem.<\/p>\n<p>A pro\u010d to funguje? V\u0161echno ve Vesm\u00edru n\u011bco vyza\u0159uje. Pokud se na to dok\u00e1\u017ee Mysl\u00a0naladit, tak to dok\u00e1\u017ee ruka zakreslit. No a jak se lad\u00ed a kresl\u00ed se m\u016f\u017ee\u0161 nau\u010dit i Ty.<\/p>\n<p>Kresba nab\u00edz\u00ed pohled na skute\u010dnost takovou, jak\u00e1 je. Bez na\u0161eho subjektivn\u00edho zabarven\u00ed.<\/p>\n<p>Je mo\u017en\u00e9 nakreslit nejen\u00a0sou\u010dasn\u00fd\u00a0stav, ale i stav minul\u00fd. Ka\u017ed\u00e1 ud\u00e1lost toti\u017e zanech\u00e1v\u00e1 svou nesmazatelnou stopu. Tu je mo\u017en\u00e9 nakreslit a p\u0159e\u010d\u00edst podobn\u011b, jako kdy\u017e ze stopy na obloze \u010dteme, kudy let\u011blo letadlo.<\/p>\n<p>Budoucnost je mo\u017en\u00e9 nakreslit s\u00a0ohledem na moment\u00e1ln\u00ed stav pochopen\u00ed. Je mo\u017en\u00e9 nakreslit, jak se\u00a0pravd\u011bpodobn\u011b bude situace nad\u00e1le vyv\u00edjet, pokud v\u0161ichni\u00a0\u00fa\u010dastn\u00edci zachovaj\u00ed sv\u00e9 b\u011b\u017en\u00e9 chov\u00e1n\u00ed. Sv\u00e9 zvyky, n\u00e1vyky a hlavn\u011b zp\u016fsob my\u0161len\u00ed. Pokud n\u00e1m takto nakreslen\u00e1 budoucnost nevyhovuje, je mo\u017en\u00e9 d\u00e1le nakreslit, co mus\u00edme v\u00a0sob\u011b zm\u011bnit, aby se vyv\u00edjela jin\u00fdm sm\u011brem.<\/p>\n<p>Dneska u\u017e v\u00edm, \u017ee nejlep\u0161\u00ed a nejp\u0159esn\u011bj\u0161\u00ed odpov\u011bdi na ve\u0161ker\u00e9 moje ot\u00e1zky mi poskytuje pr\u00e1v\u011b automatick\u00e1 kresba.<\/p>\n","protected":false},"excerpt":{"rendered":"<p>Poprv\u00e9 mi o automatick\u00e9 kresb\u011b \u0159ekla spolu\u017ea\u010dka ze \u0160koly reflexn\u00ed terapie Karla Fechterov\u00e1. V t\u00e9 dob\u011b u\u017e sama pracovala se sv\u00fdmi klienty. Zaujala m\u011b hned t\u00edm, co o sob\u011b \u0159ekla p\u0159i p\u0159edstavov\u00e1n\u00ed ve \u0160RT: &#8222;Nak\u0159tili mne Karla. Krom\u011b jin\u00e9ho jsem Mistr Reiki. O reflexce nev\u00edm v\u016fbec nic.&#8220; Hned jsem v\u011bd\u011bla, \u017ee to je moje krevn\u00ed [&hellip;]<\/p>\n","protected":false},"author":1,"featured_media":0,"parent":0,"menu_order":0,"comment_status":"open","ping_status":"open","template":"","meta":{"footnotes":""},"class_list":["post-22","page","type-page","status-publish","hentry"],"_links":{"self":[{"href":"http:\/\/www.automatickakresba.eu\/index.php?rest_route=\/wp\/v2\/pages\/22","targetHints":{"allow":["GET"]}}],"collection":[{"href":"http:\/\/www.automatickakresba.eu\/index.php?rest_route=\/wp\/v2\/pages"}],"about":[{"href":"http:\/\/www.automatickakresba.eu\/index.php?rest_route=\/wp\/v2\/types\/page"}],"author":[{"embeddable":true,"href":"http:\/\/www.automatickakresba.eu\/index.php?rest_route=\/wp\/v2\/users\/1"}],"replies":[{"embeddable":true,"href":"http:\/\/www.automatickakresba.eu\/index.php?rest_route=%2Fwp%2Fv2%2Fcomments&post=22"}],"version-history":[{"count":125,"href":"http:\/\/www.automatickakresba.eu\/index.php?rest_route=\/wp\/v2\/pages\/22\/revisions"}],"predecessor-version":[{"id":38,"href":"http:\/\/www.automatickakresba.eu\/index.php?rest_route=\/wp\/v2\/pages\/22\/revisions\/38"}],"wp:attachment":[{"href":"http:\/\/www.automatickakresba.eu\/index.php?rest_route=%2Fwp%2Fv2%2Fmedia&parent=22"}],"curies":[{"name":"wp","href":"https:\/\/api.w.org\/{rel}","templated":true}]}}