{"id":25,"date":"2013-01-02T15:14:19","date_gmt":"2013-01-02T15:14:19","guid":{"rendered":"http:\/\/www.automatickakresba.eu\/?page_id=25"},"modified":"2013-02-27T00:30:54","modified_gmt":"2013-02-26T23:30:54","slug":"kurz","status":"publish","type":"page","link":"http:\/\/www.automatickakresba.eu\/?page_id=25","title":{"rendered":"Kurzy"},"content":{"rendered":"<p>Proces u\u010den\u00ed m\u00e1 svoje pravidla:<\/p>\n<ul>\n<li>\u2022\u00a0Je dobr\u00e9 v\u011bd\u011bt, \u017ee za\u010d\u00edn\u00e1 dobrou n\u00e1ladou \u2013 tj. z\u00e1kon pro u\u010ditele i \u017e\u00e1ka<\/li>\n<li>\u2022\u00a0Je vhodn\u00e9 ji vytvo\u0159it \u2013 tj. spole\u010dn\u00fd c\u00edl u\u010ditele i \u017e\u00e1ka<\/li>\n<li>\u2022 Je nezbytn\u00e9 v\u011bd\u011bt, pro\u010d u\u010d\u00edm \u2013 tj. povinnost u\u010ditele<\/li>\n<li>\u2022 Je nezbytn\u00e9 v\u011bd\u011bt, pro\u010d se u\u010d\u00edm \u2013 tj. podstatn\u00e9 pro \u017e\u00e1ka<\/li>\n<li>\u2022 A je v\u00fdhodn\u00e9 v\u011bd\u011bt, co z\u00a0toho OBA budeme m\u00edt<\/li>\n<\/ul>\n<p>N\u00e1sleduje mal\u00e1 vysv\u011btlivka ke grafice:<\/p>\n<ul>\n<li>\u2022\u00a0Mal\u00e1 uk\u00e1zka pro IT specialisty, moji dceru a podobn\u00e9 detailisty<\/li>\n<li>Takto vypad\u00e1 odr\u00e1\u017eka bez te\u010dky, tak\u017ee hez\u010d\u00ed je s te\u010dkou \ud83d\ude42<\/li>\n<\/ul>\n<p>D\u016fvody, pro\u010d u\u010d\u00edm:<\/p>\n<ul>\n<li>\u2022 Pot\u0159ebuji se projevit.<\/li>\n<li>\u2022 Bav\u00ed m\u011b b\u00fdt sm\u011brovou cedul\u00ed. V\u0161echno funguje podle mapy a j\u00e1 v\u00e1m to chci uk\u00e1zat.<\/li>\n<li>\u2022 Z\u00a0vlastn\u00ed zku\u0161enosti v\u00edm, \u017ee nejhor\u0161\u00ed pocit m\u00e1m z\u00a0bloud\u011bn\u00ed. V\u0161ichni se tr\u00e1p\u00edme, kdy\u017e ztr\u00e1c\u00edme orientaci v\u00a0okolnostech vlastn\u00edho \u017eivota. Stejn\u011b se c\u00edt\u00edme, pokud se nem\u016f\u017eeme projevit. Je jedno, zda jde o n\u00e1zory \u010di pocity. Pokud chceme lep\u0161\u00ed pocit ze \u017eivota, tak se MUS\u00cdME l\u00e9pe orientovat. No a jednou z\u00a0mo\u017enost\u00ed, jak se l\u00e9pe orientovat, je nau\u010dit se kreslit. Kresbou z\u00edsk\u00e1me mapu. Ta je n\u00e1vodem na to, jak to je. N\u00e1vodem na to, jak to m\u016f\u017eeme zm\u011bnit.<\/li>\n<li>\u2022 Nejlep\u0161\u00ed pocity m\u00e1m z\u00a0toho, \u017ee jsou v\u0161ichni kolem m\u011b \u0161\u0165astn\u00ed, spokojen\u00ed. V\u00edm, \u017ee pro sv\u016fj pocit \u0161t\u011bst\u00ed v\u0161ichni pot\u0159ebujeme rozum\u011bt. Rozum\u011bt tomu v\u00a0n\u00e1s i kolem n\u00e1s. A k\u00a0tomu se mi automatick\u00e1 kresba jev\u00ed jako fenomen\u00e1ln\u00ed n\u00e1stroj.<\/li>\n<li>\u2022 V\u00a0neposledn\u00ed \u0159ad\u011b tak\u00e9 pot\u0159ebuji zaplatit sv\u00e9 \u017eivobyt\u00ed. Pan Toman mi \u0159ekl, \u017ee je V\u017dDY v\u00fdhodn\u011bj\u0161\u00ed pou\u017e\u00edt vrozen\u00fd talent ne\u017e nau\u010denou dovednost. A tak ho s\u00a0pochopen\u00edm poslouch\u00e1m. Pane Tomane, d\u00edky!<\/li>\n<\/ul>\n<p>N\u00e1sleduje druh\u00e1 vysv\u011btlivka ke grafice:<\/p>\n<ul>\n<li>\u2022\u00a0Druh\u00e1 uk\u00e1zka pro IT specialisty, moji dceru a podobn\u00e9 detailisty<\/li>\n<li>Takto vypad\u00e1 odr\u00e1\u017eka bez te\u010dky, tak\u017ee hez\u010d\u00ed je s te\u010dkou \ud83d\ude42<\/li>\n<\/ul>\n<p>Co z\u00a0toho budu m\u00edt j\u00e1:<\/p>\n<ul>\n<li>\u2022 Rozhodn\u011b dobr\u00fd pocit.<\/li>\n<li>\u2022 Rozhodn\u011b v\u00edru, \u017ee m\u00e1m n\u011bkoho, kdo um\u00ed kreslit moje mapy, kdy\u017e ztrat\u00edm orientaci.<\/li>\n<li>\u2022 Rozhodn\u011b jistotu, \u017ee lid\u00e9 \u010dasem porozum\u00ed tomu, co kresba opravdu je.<\/li>\n<\/ul>\n<p>Co z\u00a0toho bude\u0161 m\u00edt Ty:<\/p>\n<ul>\n<li>\u2022 Informace o tom, co kresba je.<\/li>\n<li>\u2022 Vlastn\u00ed zku\u0161enost, jak kresba funguje.<\/li>\n<li>\u2022 Nalezne\u0161 schopnost kreslit mapy sob\u011b i sv\u00e9mu okol\u00ed. T\u00edm z\u00edsk\u00e1\u0161 nadhled.<\/li>\n<li>\u2022 N\u00e1vod jak efektivn\u011b kreslit. Sou\u010dasn\u011b\u00a0t\u00edm zv\u00fd\u0161\u00ed\u0161 svoji sob\u011bsta\u010dnost.<\/li>\n<li>\u2022 N\u00e1stroj k\u00a0lep\u0161\u00ed orientaci. Ta Ti p\u0159inese v\u011bt\u0161\u00ed stabilitu.<\/li>\n<li>\u2022 Nov\u00fd \u00fahel pohledu na tuto skute\u010dnost. To Ti p\u0159inese efektivitu do \u017eivota.<\/li>\n<li>\u2022 Nestrann\u00e9ho pomocn\u00edka p\u0159i rozhodov\u00e1n\u00ed.<\/li>\n<li>\u2022 Vlastn\u00ed p\u0159edstavu, kde v\u0161ude se d\u00e1 pou\u017e\u00edt.\n<ul>\n<li>\u2022\u00a0Nes\u010detn\u011bkr\u00e1t jsem se p\u0159esv\u011bd\u010dila, \u017ee pokud um\u00edm polo\u017eit ot\u00e1zku, dok\u00e1\u017eu na ni pomoc\u00ed automatick\u00e9 kresby naj\u00edt odpov\u011b\u010f.<\/li>\n<\/ul>\n<\/li>\n<\/ul>\n<p>N\u00e1sleduje t\u0159et\u00ed vysv\u011btlivka ke grafice &#8211; a pro\u010d? Proto\u017ee opakov\u00e1n\u00ed je matka nad\u011bje, ne moudrosti, nad\u011bje, \u017ee jednou pochop\u00ed\u0161, pro\u010d to tak je:<\/p>\n<ul>\n<li>\u2022\u00a0T\u0159et\u00ed uk\u00e1zka pro IT specialisty, moji dceru a podobn\u00e9 detailisty<\/li>\n<li>Takto vypad\u00e1 odr\u00e1\u017eka bez te\u010dky, tak\u017ee hez\u010d\u00ed je s te\u010dkou \ud83d\ude42<\/li>\n<\/ul>\n<p><i>O\u010dek\u00e1v\u00e1m, \u017ee sem budu dopl\u0148ovat osobn\u00ed zku\u0161enosti \u017e\u00e1k\u016f, kte\u0159\u00ed pro\u0161li, proch\u00e1zej\u00ed, a budou proch\u00e1zet m\u00fdmi kurzy. Tak slibuji!\u00a0<\/i><\/p>\n","protected":false},"excerpt":{"rendered":"<p>Proces u\u010den\u00ed m\u00e1 svoje pravidla: \u2022\u00a0Je dobr\u00e9 v\u011bd\u011bt, \u017ee za\u010d\u00edn\u00e1 dobrou n\u00e1ladou \u2013 tj. z\u00e1kon pro u\u010ditele i \u017e\u00e1ka \u2022\u00a0Je vhodn\u00e9 ji vytvo\u0159it \u2013 tj. spole\u010dn\u00fd c\u00edl u\u010ditele i \u017e\u00e1ka \u2022 Je nezbytn\u00e9 v\u011bd\u011bt, pro\u010d u\u010d\u00edm \u2013 tj. povinnost u\u010ditele \u2022 Je nezbytn\u00e9 v\u011bd\u011bt, pro\u010d se u\u010d\u00edm \u2013 tj. podstatn\u00e9 pro \u017e\u00e1ka \u2022 A je [&hellip;]<\/p>\n","protected":false},"author":1,"featured_media":0,"parent":0,"menu_order":0,"comment_status":"open","ping_status":"open","template":"","meta":{"footnotes":""},"class_list":["post-25","page","type-page","status-publish","hentry"],"_links":{"self":[{"href":"http:\/\/www.automatickakresba.eu\/index.php?rest_route=\/wp\/v2\/pages\/25","targetHints":{"allow":["GET"]}}],"collection":[{"href":"http:\/\/www.automatickakresba.eu\/index.php?rest_route=\/wp\/v2\/pages"}],"about":[{"href":"http:\/\/www.automatickakresba.eu\/index.php?rest_route=\/wp\/v2\/types\/page"}],"author":[{"embeddable":true,"href":"http:\/\/www.automatickakresba.eu\/index.php?rest_route=\/wp\/v2\/users\/1"}],"replies":[{"embeddable":true,"href":"http:\/\/www.automatickakresba.eu\/index.php?rest_route=%2Fwp%2Fv2%2Fcomments&post=25"}],"version-history":[{"count":33,"href":"http:\/\/www.automatickakresba.eu\/index.php?rest_route=\/wp\/v2\/pages\/25\/revisions"}],"predecessor-version":[{"id":87,"href":"http:\/\/www.automatickakresba.eu\/index.php?rest_route=\/wp\/v2\/pages\/25\/revisions\/87"}],"wp:attachment":[{"href":"http:\/\/www.automatickakresba.eu\/index.php?rest_route=%2Fwp%2Fv2%2Fmedia&parent=25"}],"curies":[{"name":"wp","href":"https:\/\/api.w.org\/{rel}","templated":true}]}}