{"id":8,"date":"2013-01-02T14:22:33","date_gmt":"2013-01-02T14:22:33","guid":{"rendered":"http:\/\/www.automatickakresba.eu\/?page_id=8"},"modified":"2013-03-22T20:20:13","modified_gmt":"2013-03-22T19:20:13","slug":"kontakt","status":"publish","type":"page","link":"http:\/\/www.automatickakresba.eu\/?page_id=8","title":{"rendered":"Kontakt"},"content":{"rendered":"<p>Kamila Liedermanov\u00e1<\/p>\n<p>Neumannova 1752, 666 01 Ti\u0161nov<\/p>\n<p>I\u010c: 45648387<\/p>\n<p>DI\u010c: CZ6553010332<\/p>\n<p>Bankovn\u00ed spojen\u00ed: 86-4708550217\/0100<\/p>\n<p>Mobil: +420 603 245 849<\/p>\n<p>Email: <a href=\"mailto:info@automatickakresba.eu\">info@automatickakresba.eu<\/a><\/p>\n","protected":false},"excerpt":{"rendered":"<p>Kamila Liedermanov\u00e1 Neumannova 1752, 666 01 Ti\u0161nov I\u010c: 45648387 DI\u010c: CZ6553010332 Bankovn\u00ed spojen\u00ed: 86-4708550217\/0100 Mobil: +420 603 245 849 Email: info@automatickakresba.eu<\/p>\n","protected":false},"author":1,"featured_media":0,"parent":0,"menu_order":0,"comment_status":"open","ping_status":"open","template":"","meta":{"footnotes":""},"class_list":["post-8","page","type-page","status-publish","hentry"],"_links":{"self":[{"href":"http:\/\/www.automatickakresba.eu\/index.php?rest_route=\/wp\/v2\/pages\/8","targetHints":{"allow":["GET"]}}],"collection":[{"href":"http:\/\/www.automatickakresba.eu\/index.php?rest_route=\/wp\/v2\/pages"}],"about":[{"href":"http:\/\/www.automatickakresba.eu\/index.php?rest_route=\/wp\/v2\/types\/page"}],"author":[{"embeddable":true,"href":"http:\/\/www.automatickakresba.eu\/index.php?rest_route=\/wp\/v2\/users\/1"}],"replies":[{"embeddable":true,"href":"http:\/\/www.automatickakresba.eu\/index.php?rest_route=%2Fwp%2Fv2%2Fcomments&post=8"}],"version-history":[{"count":22,"href":"http:\/\/www.automatickakresba.eu\/index.php?rest_route=\/wp\/v2\/pages\/8\/revisions"}],"predecessor-version":[{"id":62,"href":"http:\/\/www.automatickakresba.eu\/index.php?rest_route=\/wp\/v2\/pages\/8\/revisions\/62"}],"wp:attachment":[{"href":"http:\/\/www.automatickakresba.eu\/index.php?rest_route=%2Fwp%2Fv2%2Fmedia&parent=8"}],"curies":[{"name":"wp","href":"https:\/\/api.w.org\/{rel}","templated":true}]}}